{"id":4213,"date":"2021-08-03T05:01:54","date_gmt":"2021-08-03T05:01:54","guid":{"rendered":"https:\/\/suri.templweb.com\/sodermalm\/"},"modified":"2023-05-22T12:09:02","modified_gmt":"2023-05-22T10:09:02","slug":"sodermalm","status":"publish","type":"page","link":"https:\/\/suri.templweb.com\/en\/sodermalm\/","title":{"rendered":"The Blue Line to S\u00f6dermalm"},"content":{"rendered":"\n<figure class=\"wp-block-image size-full is-style-default\"><img decoding=\"async\" width=\"800\" height=\"550\" src=\"\/wp-content\/uploads\/2021\/10\/Soder.png\" alt=\"\" class=\"wp-image-2645\" srcset=\"https:\/\/suri.templweb.com\/wp-content\/uploads\/2021\/10\/Soder.png 800w, https:\/\/suri.templweb.com\/wp-content\/uploads\/2021\/10\/Soder-300x206.png 300w, https:\/\/suri.templweb.com\/wp-content\/uploads\/2021\/10\/Soder-768x528.png 768w\" sizes=\"(max-width: 800px) 100vw, 800px\" \/><\/figure>\n\n\n\n<h2 class=\"wp-block-heading\" id=\"det_h\u00e4r_bygger_vi\">What is being built<\/h2>\n\n\n\n<p>The metro from Kungstr\u00e4dg\u00e5rden will be extended under Saltsj\u00f6n with Sofia station in Stigbergsparken as the first station. Sofia will become an important travel hub for future passengers. South of Sofia station the metro will fork in two directions, with one line towards S\u00f6derort and the other towards Hammarby Sj\u00f6stad with Nacka as the final station. Hammarby kanal station will be below water with one entrance at Vintertullstorget on S\u00f6dermalm and one entrance at Luma in Hammarby Sj\u00f6stad. The construction work will take 10 years with services running from 2030.<\/p>\n","protected":false},"excerpt":{"rendered":"<p>The Blue Line is being extended from Kungstr\u00e4dg\u00e5rden to Nacka and S\u00f6derort via S\u00f6dermalm and Hammarby Sj\u00f6stad.<\/p>\n","protected":false},"author":5,"featured_media":0,"parent":0,"menu_order":0,"comment_status":"closed","ping_status":"closed","template":"templates\/template-sodermalm.php","meta":{"_acf_changed":false,"inline_featured_image":false,"footnotes":""},"class_list":["post-4213","page","type-page","status-publish","hentry"],"acf":[],"yoast_head":"<!-- This site is optimized with the Yoast SEO plugin v22.9 - https:\/\/yoast.com\/wordpress\/plugins\/seo\/ -->\n<title>The Blue Line to S\u00f6dermalm<\/title>\n<meta name=\"robots\" content=\"noindex, follow, max-snippet:-1, max-image-preview:large, max-video-preview:-1\" \/>\n<meta property=\"og:locale\" content=\"en_US\" \/>\n<meta property=\"og:type\" content=\"article\" \/>\n<meta property=\"og:title\" content=\"The Blue Line to S\u00f6dermalm\" \/>\n<meta property=\"og:description\" content=\"The Blue Line is being extended from Kungstr\u00e4dg\u00e5rden to Nacka and S\u00f6derort via S\u00f6dermalm and Hammarby Sj\u00f6stad.\" \/>\n<meta property=\"og:url\" content=\"https:\/\/suri.templweb.com\/en\/sodermalm\/\" \/>\n<meta property=\"og:site_name\" content=\"Nya tunnelbanan\" \/>\n<meta property=\"article:publisher\" content=\"https:\/\/www.facebook.com\/nyatunnelbanan\" \/>\n<meta property=\"article:modified_time\" content=\"2023-05-22T10:09:02+00:00\" \/>\n<meta property=\"og:image\" content=\"https:\/\/suri.templweb.com\/wp-content\/uploads\/2020\/04\/Veddesta-arbetstunnel_2019_2_0.jpg\" \/>\n\t<meta property=\"og:image:width\" content=\"700\" \/>\n\t<meta property=\"og:image:height\" content=\"440\" \/>\n\t<meta property=\"og:image:type\" content=\"image\/jpeg\" \/>\n<meta name=\"twitter:card\" content=\"summary_large_image\" \/>\n<meta name=\"twitter:label1\" content=\"Est. reading time\" \/>\n\t<meta name=\"twitter:data1\" content=\"1 minute\" \/>\n<script type=\"application\/ld+json\" class=\"yoast-schema-graph\">{\"@context\":\"https:\/\/schema.org\",\"@graph\":[{\"@type\":\"WebPage\",\"@id\":\"https:\/\/suri.templweb.com\/en\/sodermalm\/\",\"url\":\"https:\/\/suri.templweb.com\/en\/sodermalm\/\",\"name\":\"The Blue Line to S\u00f6dermalm\",\"isPartOf\":{\"@id\":\"https:\/\/suri.templweb.com\/en\/#website\"},\"datePublished\":\"2021-08-03T05:01:54+00:00\",\"dateModified\":\"2023-05-22T10:09:02+00:00\",\"breadcrumb\":{\"@id\":\"https:\/\/suri.templweb.com\/en\/sodermalm\/#breadcrumb\"},\"inLanguage\":\"en-US\",\"potentialAction\":[{\"@type\":\"ReadAction\",\"target\":[\"https:\/\/suri.templweb.com\/en\/sodermalm\/\"]}]},{\"@type\":\"BreadcrumbList\",\"@id\":\"https:\/\/suri.templweb.com\/en\/sodermalm\/#breadcrumb\",\"itemListElement\":[{\"@type\":\"ListItem\",\"position\":1,\"name\":\"Home\",\"item\":\"https:\/\/suri.templweb.com\/en\/\"},{\"@type\":\"ListItem\",\"position\":2,\"name\":\"The Blue Line to S\u00f6dermalm\"}]},{\"@type\":\"WebSite\",\"@id\":\"https:\/\/suri.templweb.com\/en\/#website\",\"url\":\"https:\/\/suri.templweb.com\/en\/\",\"name\":\"Nya tunnelbanan\",\"description\":\"\",\"publisher\":{\"@id\":\"https:\/\/suri.templweb.com\/en\/#organization\"},\"potentialAction\":[{\"@type\":\"SearchAction\",\"target\":{\"@type\":\"EntryPoint\",\"urlTemplate\":\"https:\/\/suri.templweb.com\/en\/?s={search_term_string}\"},\"query-input\":\"required name=search_term_string\"}],\"inLanguage\":\"en-US\"},{\"@type\":\"Organization\",\"@id\":\"https:\/\/suri.templweb.com\/en\/#organization\",\"name\":\"Nya tunnelbanan\",\"url\":\"https:\/\/suri.templweb.com\/en\/\",\"logo\":{\"@type\":\"ImageObject\",\"inLanguage\":\"en-US\",\"@id\":\"https:\/\/suri.templweb.com\/en\/#\/schema\/logo\/image\/\",\"url\":\"https:\/\/suri.templweb.com\/wp-content\/uploads\/2023\/08\/sll-logo.svg\",\"contentUrl\":\"https:\/\/suri.templweb.com\/wp-content\/uploads\/2023\/08\/sll-logo.svg\",\"width\":300,\"height\":53,\"caption\":\"Nya tunnelbanan\"},\"image\":{\"@id\":\"https:\/\/suri.templweb.com\/en\/#\/schema\/logo\/image\/\"},\"sameAs\":[\"https:\/\/www.facebook.com\/nyatunnelbanan\"]}]}<\/script>\n<!-- \/ Yoast SEO plugin. -->","yoast_head_json":{"title":"The Blue Line to S\u00f6dermalm","robots":{"index":"noindex","follow":"follow","max-snippet":"max-snippet:-1","max-image-preview":"max-image-preview:large","max-video-preview":"max-video-preview:-1"},"og_locale":"en_US","og_type":"article","og_title":"The Blue Line to S\u00f6dermalm","og_description":"The Blue Line is being extended from Kungstr\u00e4dg\u00e5rden to Nacka and S\u00f6derort via S\u00f6dermalm and Hammarby Sj\u00f6stad.","og_url":"https:\/\/suri.templweb.com\/en\/sodermalm\/","og_site_name":"Nya tunnelbanan","article_publisher":"https:\/\/www.facebook.com\/nyatunnelbanan","article_modified_time":"2023-05-22T10:09:02+00:00","og_image":[{"width":700,"height":440,"url":"https:\/\/suri.templweb.com\/wp-content\/uploads\/2020\/04\/Veddesta-arbetstunnel_2019_2_0.jpg","type":"image\/jpeg"}],"twitter_card":"summary_large_image","twitter_misc":{"Est. reading time":"1 minute"},"schema":{"@context":"https:\/\/schema.org","@graph":[{"@type":"WebPage","@id":"https:\/\/suri.templweb.com\/en\/sodermalm\/","url":"https:\/\/suri.templweb.com\/en\/sodermalm\/","name":"The Blue Line to S\u00f6dermalm","isPartOf":{"@id":"https:\/\/suri.templweb.com\/en\/#website"},"datePublished":"2021-08-03T05:01:54+00:00","dateModified":"2023-05-22T10:09:02+00:00","breadcrumb":{"@id":"https:\/\/suri.templweb.com\/en\/sodermalm\/#breadcrumb"},"inLanguage":"en-US","potentialAction":[{"@type":"ReadAction","target":["https:\/\/suri.templweb.com\/en\/sodermalm\/"]}]},{"@type":"BreadcrumbList","@id":"https:\/\/suri.templweb.com\/en\/sodermalm\/#breadcrumb","itemListElement":[{"@type":"ListItem","position":1,"name":"Home","item":"https:\/\/suri.templweb.com\/en\/"},{"@type":"ListItem","position":2,"name":"The Blue Line to S\u00f6dermalm"}]},{"@type":"WebSite","@id":"https:\/\/suri.templweb.com\/en\/#website","url":"https:\/\/suri.templweb.com\/en\/","name":"Nya tunnelbanan","description":"","publisher":{"@id":"https:\/\/suri.templweb.com\/en\/#organization"},"potentialAction":[{"@type":"SearchAction","target":{"@type":"EntryPoint","urlTemplate":"https:\/\/suri.templweb.com\/en\/?s={search_term_string}"},"query-input":"required name=search_term_string"}],"inLanguage":"en-US"},{"@type":"Organization","@id":"https:\/\/suri.templweb.com\/en\/#organization","name":"Nya tunnelbanan","url":"https:\/\/suri.templweb.com\/en\/","logo":{"@type":"ImageObject","inLanguage":"en-US","@id":"https:\/\/suri.templweb.com\/en\/#\/schema\/logo\/image\/","url":"https:\/\/suri.templweb.com\/wp-content\/uploads\/2023\/08\/sll-logo.svg","contentUrl":"https:\/\/suri.templweb.com\/wp-content\/uploads\/2023\/08\/sll-logo.svg","width":300,"height":53,"caption":"Nya tunnelbanan"},"image":{"@id":"https:\/\/suri.templweb.com\/en\/#\/schema\/logo\/image\/"},"sameAs":["https:\/\/www.facebook.com\/nyatunnelbanan"]}]}},"_links":{"self":[{"href":"https:\/\/suri.templweb.com\/en\/wp-json\/wp\/v2\/pages\/4213"}],"collection":[{"href":"https:\/\/suri.templweb.com\/en\/wp-json\/wp\/v2\/pages"}],"about":[{"href":"https:\/\/suri.templweb.com\/en\/wp-json\/wp\/v2\/types\/page"}],"author":[{"embeddable":true,"href":"https:\/\/suri.templweb.com\/en\/wp-json\/wp\/v2\/users\/5"}],"replies":[{"embeddable":true,"href":"https:\/\/suri.templweb.com\/en\/wp-json\/wp\/v2\/comments?post=4213"}],"version-history":[{"count":6,"href":"https:\/\/suri.templweb.com\/en\/wp-json\/wp\/v2\/pages\/4213\/revisions"}],"predecessor-version":[{"id":21085,"href":"https:\/\/suri.templweb.com\/en\/wp-json\/wp\/v2\/pages\/4213\/revisions\/21085"}],"wp:attachment":[{"href":"https:\/\/suri.templweb.com\/en\/wp-json\/wp\/v2\/media?parent=4213"}],"curies":[{"name":"wp","href":"https:\/\/api.w.org\/{rel}","templated":true}]}}