{"id":4270,"date":"2021-08-03T05:03:52","date_gmt":"2021-08-03T05:03:52","guid":{"rendered":"https:\/\/suri.templweb.com\/upphandling\/"},"modified":"2024-01-12T12:53:14","modified_gmt":"2024-01-12T11:53:14","slug":"procurement","status":"publish","type":"page","link":"https:\/\/suri.templweb.com\/en\/procurement\/","title":{"rendered":"Be a part of extending the Stockholm Metro!"},"content":{"rendered":"\n<figure class=\"wp-block-image size-full is-style-default\"><img decoding=\"async\" width=\"800\" height=\"550\" src=\"https:\/\/suri.templweb.com\/wp-content\/uploads\/2021\/10\/Borrning_for_injektering.jpg\" alt=\"En man i orangea kl\u00e4der arbetar med en maskin som injekterar i berg.\" class=\"wp-image-2721\" srcset=\"https:\/\/suri.templweb.com\/wp-content\/uploads\/2021\/10\/Borrning_for_injektering.jpg 800w, https:\/\/suri.templweb.com\/wp-content\/uploads\/2021\/10\/Borrning_for_injektering-300x206.jpg 300w, https:\/\/suri.templweb.com\/wp-content\/uploads\/2021\/10\/Borrning_for_injektering-768x528.jpg 768w\" sizes=\"(max-width: 800px) 100vw, 800px\" \/><\/figure>\n\n\n\n<h2 class=\"wp-block-heading\">Different types of suppliers<\/h2>\n\n\n\n<p>The major construction works were begun in 2020 and are expected to take eight to ten years to complete. In 2021, planning was begun for yet another new line \u2013 running to \u00c4lvsj\u00f6 \u2013 with construction expected to begin in 2025. We are looking for contractors who would like to build the future metro system together with us. Our contracts differ in terms of both form and scope. They are open to suppliers both large and small, suppliers operating in different industries and suppliers from all over the world. <\/p>\n\n\n\n<p><a href=\"\/current-procurements\/?lang=en\" data-type=\"page\">All ongoing and future procurements can be found in our procurement timetable.<\/a><\/p>\n\n\n\n<div class=\"wp-block-columns has-background is-layout-flex wp-container-core-columns-is-layout-1 wp-block-columns-is-layout-flex\" style=\"background-color:#e0ded9\">\n<div class=\"wp-block-column is-layout-flow wp-block-column-is-layout-flow\" style=\"flex-basis:66.66%\">\n<h2 class=\"wp-block-heading\">Newsletter<\/h2>\n\n\n\n<p>Receive news and updates about the expansion of the new metro.<br><a href=\"http:\/\/www.anpdm.com\/form\/49425A4A7148475A4371\/44475042774140504271\">Subscribe to the supplier newsletter <\/a><\/p>\n<\/div>\n\n\n\n<div class=\"wp-block-column is-layout-flow wp-block-column-is-layout-flow\" style=\"flex-basis:33.33%\"><div class=\"wp-block-image is-style-default\">\n<figure class=\"aligncenter size-full is-resized\"><a href=\"http:\/\/www.anpdm.com\/form\/49425A4A7148475A4371\/44475042774140504271\"><img decoding=\"async\" src=\"\/wp-content\/uploads\/2021\/10\/skriv.png\" alt=\"\" class=\"wp-image-2733\" width=\"161\" height=\"161\" srcset=\"https:\/\/suri.templweb.com\/wp-content\/uploads\/2021\/10\/skriv.png 215w, https:\/\/suri.templweb.com\/wp-content\/uploads\/2021\/10\/skriv-150x150.png 150w, https:\/\/suri.templweb.com\/wp-content\/uploads\/2021\/10\/skriv-100x100.png 100w\" sizes=\"(max-width: 161px) 100vw, 161px\" \/><\/a><\/figure><\/div><\/div>\n<\/div>\n\n\n\n<h2 class=\"wp-block-heading\">Sustainability an important aspect of procurement<\/h2>\n\n\n\n<p>The new metro is to meet the demands of both current and future generations as regards environmental, social and economic sustainability. Close and fruitful collaboration between us as the principal and our contractors is a must if we are to succeed in this.<\/p>\n\n\n\n<p>We have strict requirements for materials, structure and working methods in our procurements. This enables us to influence how much the expansion impacts the environment. This also applies to social and economic sustainability, with requirements regarding, for example, the work environment and business ethics.<\/p>\n\n\n\n<p>Read about <a href=\"https:\/\/www.sll.se\/globalassets\/6.-om-landstinget\/upphandling\/uppforandekod-for-leverantorer.pdf\" target=\"_blank\" rel=\"noreferrer noopener\">the region\u2019s code of conduct<\/a> for suppliers. Here you can find\u00a0<a href=\"https:\/\/www.sll.se\/globalassets\/6.-om-landstinget\/hallbarhet\/miljo\/miljoprogram_2017-2021.pdf\" target=\"_blank\" rel=\"noreferrer noopener\">Region Stockholm\u2019s environment programme<\/a>. You can also read more about <a href=\"\/sa-bygger-vi\/sa-arbetar-vi-med-hallbarhet\/\">our work with sustainability<\/a>\u00a0and about Region Stockholm\u2019s\u00a0<a data-type=\"URL\" href=\"https:\/\/suri.templweb.com\/wp-content\/uploads\/files\/ls-2017-1197-policy-inkop_20180528.pdf\">purchasing policy<\/a>.<\/p>\n\n\n\n<h2 class=\"wp-block-heading\">News <\/h2>\n\n\n\n<div class=\"sllAllPostsWrapper\">\n            <input type=\"hidden\" name=\"sllPostType\" value=\"post\">\n            <input type=\"hidden\" name=\"page\" value=\"1\">\n            <input type=\"hidden\" name=\"ppp\" value=\"2\">\n            <input type=\"hidden\" name=\"imgStatus\" value=\"yes\">\n            <input type=\"hidden\" name=\"primaryPostTemplate\" value=\"no\">\n            <input type=\"hidden\" name=\"primaryPost\" value=\"0\">\n            <input type=\"hidden\" name=\"cp\" value=\"0\">\n            <input type=\"hidden\" name=\"category\" value=\"procurement\">\n            <input type=\"hidden\" name=\"totalP\" value=\"10\">            \n        <input type=\"text\" name=\"date-submitted\" value=\"\" id=\"xyq\"><div class=\"sllItemsWrapper\"><ul class=\"items-feed\"><li class=\"feed-item loadMoreRepeat\"><a href=\"https:\/\/suri.templweb.com\/en\/news\/yes-to-platform-screen-doors-on-the-yellow-line\/\"><div class=\"feed-item-thumbnail\"><img decoding=\"async\" width=\"690\" height=\"474\" src=\"https:\/\/suri.templweb.com\/wp-content\/uploads\/2025\/03\/trafiknamnden_ja_externt.png\" class=\"attachment-post-thumbnail size-post-thumbnail wp-post-image\" alt=\"karta \u00f6ver gul linje och bild p\u00e5 kvinna som \u00e4r p\u00e5 v\u00e4g ombord p\u00e5 pendelt\u00e5g fr\u00e5n en plattform med d\u00f6rrar.\" srcset=\"https:\/\/suri.templweb.com\/wp-content\/uploads\/2025\/03\/trafiknamnden_ja_externt.png 690w, https:\/\/suri.templweb.com\/wp-content\/uploads\/2025\/03\/trafiknamnden_ja_externt-300x206.png 300w, https:\/\/suri.templweb.com\/wp-content\/uploads\/2025\/03\/trafiknamnden_ja_externt-320x220.png 320w\" sizes=\"(max-width: 690px) 100vw, 690px\" \/><\/div><div class=\"feed-item-type-and-date\"><span>News 2025-03-21<\/span><\/div><div class=\"feed-item-title\"><h3>Yes to platform screen doors on the Yellow Line<\/h3><\/div><\/a><\/li><li class=\"feed-item loadMoreRepeat\"><a href=\"https:\/\/suri.templweb.com\/en\/news\/localization-study-underway-for-a-metro-to-bromma-airport-area\/\"><div class=\"feed-item-thumbnail\"><img decoding=\"async\" width=\"690\" height=\"474\" src=\"https:\/\/suri.templweb.com\/wp-content\/uploads\/2024\/10\/bromma_lokalisering_4.png\" class=\"attachment-post-thumbnail size-post-thumbnail wp-post-image\" alt=\"karta med pil mot Bromma\" srcset=\"https:\/\/suri.templweb.com\/wp-content\/uploads\/2024\/10\/bromma_lokalisering_4.png 690w, https:\/\/suri.templweb.com\/wp-content\/uploads\/2024\/10\/bromma_lokalisering_4-300x206.png 300w, https:\/\/suri.templweb.com\/wp-content\/uploads\/2024\/10\/bromma_lokalisering_4-320x220.png 320w\" sizes=\"(max-width: 690px) 100vw, 690px\" \/><\/div><div class=\"feed-item-type-and-date\"><span>News 2024-10-10<\/span><\/div><div class=\"feed-item-title\"><h3>Localization study underway for a metro to Bromma Airport area<\/h3><\/div><\/a><\/li><div class=\"btnLoadmoreWrapper\"><a href=\"javascript:void(0);\" class=\"btn btn-primary sllLoadMorePostsbtn\" aria-label=\"ladda fler nyheter\">Load More<\/a><\/div><div class=\"sllLoaderImg\" style=\"display: none;\"><svg version=\"1.1\" id=\"L9\" xmlns=\"http:\/\/www.w3.org\/2000\/svg\" xmlns:xlink=\"http:\/\/www.w3.org\/1999\/xlink\" x=\"0px\" y=\"0px\" viewBox=\"0 0 100 100\" enable-background=\"new 0 0 0 0\" xml:space=\"preserve\" style=\"color: #ff7361;\"><path fill=\"#ff7361\" d=\"M73,50c0-12.7-10.3-23-23-23S27,37.3,27,50 M30.9,50c0-10.5,8.5-19.1,19.1-19.1S69.1,39.5,69.1,50\"><animateTransform attributeName=\"transform\" attributeType=\"XML\" type=\"rotate\" dur=\"1s\" from=\"0 50 50\" to=\"360 50 50\" repeatCount=\"indefinite\"><\/animateTransform><\/path><\/svg><\/div><p class=\"noMorePostsFound\" style=\"display: none;\">No more posts were found<\/p><\/ul><\/div><\/div>\n","protected":false},"excerpt":{"rendered":"<p>The expansion of the metro system is the largest investment in public transport in the Stockholm region since the 1970s. Expanding the Stockholm metro will require many different contractors, for both large, complicated contracts and smaller assignments.<\/p>\n","protected":false},"author":3,"featured_media":14759,"parent":0,"menu_order":0,"comment_status":"closed","ping_status":"closed","template":"templates\/template-upphandling-page.php","meta":{"_acf_changed":false,"inline_featured_image":false,"footnotes":""},"class_list":["post-4270","page","type-page","status-publish","has-post-thumbnail","hentry"],"acf":[],"yoast_head":"<!-- This site is optimized with the Yoast SEO plugin v22.9 - https:\/\/yoast.com\/wordpress\/plugins\/seo\/ -->\n<title>Be a part of extending the Stockholm Metro!<\/title>\n<meta name=\"robots\" content=\"noindex, follow, max-snippet:-1, max-image-preview:large, max-video-preview:-1\" \/>\n<meta property=\"og:locale\" content=\"en_US\" \/>\n<meta property=\"og:type\" content=\"article\" \/>\n<meta property=\"og:title\" content=\"Be a part of extending the Stockholm Metro!\" \/>\n<meta property=\"og:description\" content=\"The expansion of the metro system is the largest investment in public transport in the Stockholm region since the 1970s. Expanding the Stockholm metro will require many different contractors, for both large, complicated contracts and smaller assignments.\" \/>\n<meta property=\"og:url\" content=\"https:\/\/suri.templweb.com\/en\/procurement\/\" \/>\n<meta property=\"og:site_name\" content=\"Nya tunnelbanan\" \/>\n<meta property=\"article:publisher\" content=\"https:\/\/www.facebook.com\/nyatunnelbanan\" \/>\n<meta property=\"article:modified_time\" content=\"2024-01-12T11:53:14+00:00\" \/>\n<meta property=\"og:image\" content=\"https:\/\/suri.templweb.com\/wp-content\/uploads\/2022\/02\/TMRW.Rundquist.Sodra_.Hagalund.A.Day_.in_.Metro_.Copyright.tmrw_.se_.jpg\" \/>\n\t<meta property=\"og:image:width\" content=\"800\" \/>\n\t<meta property=\"og:image:height\" content=\"550\" \/>\n\t<meta property=\"og:image:type\" content=\"image\/jpeg\" \/>\n<meta name=\"twitter:card\" content=\"summary_large_image\" \/>\n<meta name=\"twitter:label1\" content=\"Est. reading time\" \/>\n\t<meta name=\"twitter:data1\" content=\"2 minutes\" \/>\n<script type=\"application\/ld+json\" class=\"yoast-schema-graph\">{\"@context\":\"https:\/\/schema.org\",\"@graph\":[{\"@type\":\"WebPage\",\"@id\":\"https:\/\/suri.templweb.com\/en\/procurement\/\",\"url\":\"https:\/\/suri.templweb.com\/en\/procurement\/\",\"name\":\"Be a part of extending the Stockholm Metro!\",\"isPartOf\":{\"@id\":\"https:\/\/suri.templweb.com\/en\/#website\"},\"primaryImageOfPage\":{\"@id\":\"https:\/\/suri.templweb.com\/en\/procurement\/#primaryimage\"},\"image\":{\"@id\":\"https:\/\/suri.templweb.com\/en\/procurement\/#primaryimage\"},\"thumbnailUrl\":\"https:\/\/suri.templweb.com\/wp-content\/uploads\/2022\/02\/TMRW.Rundquist.Sodra_.Hagalund.A.Day_.in_.Metro_.Copyright.tmrw_.se_.jpg\",\"datePublished\":\"2021-08-03T05:03:52+00:00\",\"dateModified\":\"2024-01-12T11:53:14+00:00\",\"breadcrumb\":{\"@id\":\"https:\/\/suri.templweb.com\/en\/procurement\/#breadcrumb\"},\"inLanguage\":\"en-US\",\"potentialAction\":[{\"@type\":\"ReadAction\",\"target\":[\"https:\/\/suri.templweb.com\/en\/procurement\/\"]}]},{\"@type\":\"ImageObject\",\"inLanguage\":\"en-US\",\"@id\":\"https:\/\/suri.templweb.com\/en\/procurement\/#primaryimage\",\"url\":\"https:\/\/suri.templweb.com\/wp-content\/uploads\/2022\/02\/TMRW.Rundquist.Sodra_.Hagalund.A.Day_.in_.Metro_.Copyright.tmrw_.se_.jpg\",\"contentUrl\":\"https:\/\/suri.templweb.com\/wp-content\/uploads\/2022\/02\/TMRW.Rundquist.Sodra_.Hagalund.A.Day_.in_.Metro_.Copyright.tmrw_.se_.jpg\",\"width\":800,\"height\":550},{\"@type\":\"BreadcrumbList\",\"@id\":\"https:\/\/suri.templweb.com\/en\/procurement\/#breadcrumb\",\"itemListElement\":[{\"@type\":\"ListItem\",\"position\":1,\"name\":\"Home\",\"item\":\"https:\/\/suri.templweb.com\/en\/\"},{\"@type\":\"ListItem\",\"position\":2,\"name\":\"Be a part of extending the Stockholm Metro!\"}]},{\"@type\":\"WebSite\",\"@id\":\"https:\/\/suri.templweb.com\/en\/#website\",\"url\":\"https:\/\/suri.templweb.com\/en\/\",\"name\":\"Nya tunnelbanan\",\"description\":\"\",\"publisher\":{\"@id\":\"https:\/\/suri.templweb.com\/en\/#organization\"},\"potentialAction\":[{\"@type\":\"SearchAction\",\"target\":{\"@type\":\"EntryPoint\",\"urlTemplate\":\"https:\/\/suri.templweb.com\/en\/?s={search_term_string}\"},\"query-input\":\"required name=search_term_string\"}],\"inLanguage\":\"en-US\"},{\"@type\":\"Organization\",\"@id\":\"https:\/\/suri.templweb.com\/en\/#organization\",\"name\":\"Nya tunnelbanan\",\"url\":\"https:\/\/suri.templweb.com\/en\/\",\"logo\":{\"@type\":\"ImageObject\",\"inLanguage\":\"en-US\",\"@id\":\"https:\/\/suri.templweb.com\/en\/#\/schema\/logo\/image\/\",\"url\":\"https:\/\/suri.templweb.com\/wp-content\/uploads\/2023\/08\/sll-logo.svg\",\"contentUrl\":\"https:\/\/suri.templweb.com\/wp-content\/uploads\/2023\/08\/sll-logo.svg\",\"width\":300,\"height\":53,\"caption\":\"Nya tunnelbanan\"},\"image\":{\"@id\":\"https:\/\/suri.templweb.com\/en\/#\/schema\/logo\/image\/\"},\"sameAs\":[\"https:\/\/www.facebook.com\/nyatunnelbanan\"]}]}<\/script>\n<!-- \/ Yoast SEO plugin. -->","yoast_head_json":{"title":"Be a part of extending the Stockholm Metro!","robots":{"index":"noindex","follow":"follow","max-snippet":"max-snippet:-1","max-image-preview":"max-image-preview:large","max-video-preview":"max-video-preview:-1"},"og_locale":"en_US","og_type":"article","og_title":"Be a part of extending the Stockholm Metro!","og_description":"The expansion of the metro system is the largest investment in public transport in the Stockholm region since the 1970s. Expanding the Stockholm metro will require many different contractors, for both large, complicated contracts and smaller assignments.","og_url":"https:\/\/suri.templweb.com\/en\/procurement\/","og_site_name":"Nya tunnelbanan","article_publisher":"https:\/\/www.facebook.com\/nyatunnelbanan","article_modified_time":"2024-01-12T11:53:14+00:00","og_image":[{"width":800,"height":550,"url":"https:\/\/suri.templweb.com\/wp-content\/uploads\/2022\/02\/TMRW.Rundquist.Sodra_.Hagalund.A.Day_.in_.Metro_.Copyright.tmrw_.se_.jpg","type":"image\/jpeg"}],"twitter_card":"summary_large_image","twitter_misc":{"Est. reading time":"2 minutes"},"schema":{"@context":"https:\/\/schema.org","@graph":[{"@type":"WebPage","@id":"https:\/\/suri.templweb.com\/en\/procurement\/","url":"https:\/\/suri.templweb.com\/en\/procurement\/","name":"Be a part of extending the Stockholm Metro!","isPartOf":{"@id":"https:\/\/suri.templweb.com\/en\/#website"},"primaryImageOfPage":{"@id":"https:\/\/suri.templweb.com\/en\/procurement\/#primaryimage"},"image":{"@id":"https:\/\/suri.templweb.com\/en\/procurement\/#primaryimage"},"thumbnailUrl":"https:\/\/suri.templweb.com\/wp-content\/uploads\/2022\/02\/TMRW.Rundquist.Sodra_.Hagalund.A.Day_.in_.Metro_.Copyright.tmrw_.se_.jpg","datePublished":"2021-08-03T05:03:52+00:00","dateModified":"2024-01-12T11:53:14+00:00","breadcrumb":{"@id":"https:\/\/suri.templweb.com\/en\/procurement\/#breadcrumb"},"inLanguage":"en-US","potentialAction":[{"@type":"ReadAction","target":["https:\/\/suri.templweb.com\/en\/procurement\/"]}]},{"@type":"ImageObject","inLanguage":"en-US","@id":"https:\/\/suri.templweb.com\/en\/procurement\/#primaryimage","url":"https:\/\/suri.templweb.com\/wp-content\/uploads\/2022\/02\/TMRW.Rundquist.Sodra_.Hagalund.A.Day_.in_.Metro_.Copyright.tmrw_.se_.jpg","contentUrl":"https:\/\/suri.templweb.com\/wp-content\/uploads\/2022\/02\/TMRW.Rundquist.Sodra_.Hagalund.A.Day_.in_.Metro_.Copyright.tmrw_.se_.jpg","width":800,"height":550},{"@type":"BreadcrumbList","@id":"https:\/\/suri.templweb.com\/en\/procurement\/#breadcrumb","itemListElement":[{"@type":"ListItem","position":1,"name":"Home","item":"https:\/\/suri.templweb.com\/en\/"},{"@type":"ListItem","position":2,"name":"Be a part of extending the Stockholm Metro!"}]},{"@type":"WebSite","@id":"https:\/\/suri.templweb.com\/en\/#website","url":"https:\/\/suri.templweb.com\/en\/","name":"Nya tunnelbanan","description":"","publisher":{"@id":"https:\/\/suri.templweb.com\/en\/#organization"},"potentialAction":[{"@type":"SearchAction","target":{"@type":"EntryPoint","urlTemplate":"https:\/\/suri.templweb.com\/en\/?s={search_term_string}"},"query-input":"required name=search_term_string"}],"inLanguage":"en-US"},{"@type":"Organization","@id":"https:\/\/suri.templweb.com\/en\/#organization","name":"Nya tunnelbanan","url":"https:\/\/suri.templweb.com\/en\/","logo":{"@type":"ImageObject","inLanguage":"en-US","@id":"https:\/\/suri.templweb.com\/en\/#\/schema\/logo\/image\/","url":"https:\/\/suri.templweb.com\/wp-content\/uploads\/2023\/08\/sll-logo.svg","contentUrl":"https:\/\/suri.templweb.com\/wp-content\/uploads\/2023\/08\/sll-logo.svg","width":300,"height":53,"caption":"Nya tunnelbanan"},"image":{"@id":"https:\/\/suri.templweb.com\/en\/#\/schema\/logo\/image\/"},"sameAs":["https:\/\/www.facebook.com\/nyatunnelbanan"]}]}},"_links":{"self":[{"href":"https:\/\/suri.templweb.com\/en\/wp-json\/wp\/v2\/pages\/4270"}],"collection":[{"href":"https:\/\/suri.templweb.com\/en\/wp-json\/wp\/v2\/pages"}],"about":[{"href":"https:\/\/suri.templweb.com\/en\/wp-json\/wp\/v2\/types\/page"}],"author":[{"embeddable":true,"href":"https:\/\/suri.templweb.com\/en\/wp-json\/wp\/v2\/users\/3"}],"replies":[{"embeddable":true,"href":"https:\/\/suri.templweb.com\/en\/wp-json\/wp\/v2\/comments?post=4270"}],"version-history":[{"count":12,"href":"https:\/\/suri.templweb.com\/en\/wp-json\/wp\/v2\/pages\/4270\/revisions"}],"predecessor-version":[{"id":25450,"href":"https:\/\/suri.templweb.com\/en\/wp-json\/wp\/v2\/pages\/4270\/revisions\/25450"}],"wp:featuredmedia":[{"embeddable":true,"href":"https:\/\/suri.templweb.com\/en\/wp-json\/wp\/v2\/media\/14759"}],"wp:attachment":[{"href":"https:\/\/suri.templweb.com\/en\/wp-json\/wp\/v2\/media?parent=4270"}],"curies":[{"name":"wp","href":"https:\/\/api.w.org\/{rel}","templated":true}]}}