{"id":4278,"date":"2021-09-06T10:20:12","date_gmt":"2021-09-06T10:20:12","guid":{"rendered":"https:\/\/suri.templweb.com\/tilldelade-kontrakt\/"},"modified":"2025-01-17T08:20:49","modified_gmt":"2025-01-17T07:20:49","slug":"awarded-contracts","status":"publish","type":"page","link":"https:\/\/suri.templweb.com\/en\/awarded-contracts\/","title":{"rendered":"Awarded contracts"},"content":{"rendered":"\n<figure class=\"wp-block-image size-full is-style-default\"><img decoding=\"async\" width=\"831\" height=\"487\" src=\"https:\/\/suri.templweb.com\/wp-content\/uploads\/2021\/11\/Avtal_beslut.jpg\" alt=\"\" class=\"wp-image-4337\" srcset=\"https:\/\/suri.templweb.com\/wp-content\/uploads\/2021\/11\/Avtal_beslut.jpg 831w, https:\/\/suri.templweb.com\/wp-content\/uploads\/2021\/11\/Avtal_beslut-300x176.jpg 300w, https:\/\/suri.templweb.com\/wp-content\/uploads\/2021\/11\/Avtal_beslut-768x450.jpg 768w\" sizes=\"(max-width: 831px) 100vw, 831px\" \/><\/figure>\n\n\n\n<h2 class=\"wp-block-heading\">3728 Overall telecommunications and control systems, Arenastaden, awarded in December 2024<\/h2>\n\n\n\n<p>Contract is signed with Sociedad Ib\u00e9ria De Construcciones El\u00e9ctricas, S.A. The contract includes execution of overall telecommunication and control system for the stations S\u00f6dra Hagalund, Arenastaden, Hagastaden, along the entire length of the service tunnel as well as in technical spaces located in the entire length of the service tunnel. Telecommunications and control systems include telecommunications, control systems, passage systems, fire alarm systems, camera systems with associated cable laying and monitoring as well as integration and testing against superior systems.<\/p>\n\n\n\n<p>The contract amount is estimated to approximately SEK 148.5 millions with index adjustment.<\/p>\n\n\n\n<h2 class=\"wp-block-heading\">3723 Construction and installation, Arenastaden, awarded in November 202<\/h2>\n\n\n\n<p>Contract is signed with In3pren\u00f6r AB. The contract covers construction and installation work within one (1) station, Arenastaden, and in the connecting service tunnel. Construction and installation work includes frame completion with lightweight walls, brick walls, wall panels, forging, glass sections, floors, suspended ceilings and other surface layers, VS, air treatment, sprinklers, electricity and backup power as well as lighting, transport vertical lift and inclined lift, etc. Compensation according to current billing against a target cost and with contractor&#8217;s fee 9.5%.<\/p>\n\n\n\n<h2 class=\"wp-block-heading\">Construction and installationworks, S\u00f6dra Hagalund, 3722, awarded October 2024<\/h2>\n\n\n\n<p>The contract is with MVB \u00d6st AB. The contract includes The contract includes construction and installation work within one station, S\u00f6dra Hagalund, as well as in the connecting service tunnel. The stairs start from the middle of the platform room up to the entrance level.<\/p>\n\n\n\n<p>Construction and installation work refers to frame completion with lightweight walls, brick walls, wall panels, forging, glass sections, floors, suspended ceilings and other surface layers. VS, air treatment, sprinklers, electricity and reserve power as well as lighting, transport vertical elevator and inclined elevator etc. This contract includes VA works and pumping stations for the S\u00f6dra Hagalund, Arenastaden and Hagastaden stations.<\/p>\n\n\n\n<h2 class=\"wp-block-heading\">Electricity 400 V, Tele, Kungstr\u00e4dg\u00e5rden &#8211; Nacka &#8211; S\u00f6derort, 2672, awarded June 2024<\/h2>\n\n\n\n<p>The contract is with Elektrosignal Infra Stockholm AB. The contract includes 400 V installations (e.g. lighting, power outlets) as well as telecom installations (e.g. fibre network, camera installations, radio system, IP network) in rail and service tunnels.<br>The contract is for the Kungstr\u00e4dg\u00e5rden &#8211; Nacka and S\u00f6derort sections.<\/p>\n\n\n\n<p>The contract is estimated to approximatley SEK 337 million.<\/p>\n\n\n\n<h2 class=\"wp-block-heading\">Coordination &amp; Logistics, Nacka &#8211; S\u00f6derort, 26310, awarded November 2023<\/h2>\n\n\n\n<p>The contract is with Cramo AB. The contract includes the execution of coordination and logistics by providing services utilized by other contractors within construction, installation, and BEST. For example: provide service to other contractors, construction services, establishing sites, temporary installations, general services, logistics centre, transport and BAS-U. <\/p>\n\n\n\n<p>The contract is estimated to approximatley SEK 720 million.<\/p>\n\n\n\n<h2 class=\"wp-block-heading\">Signalling (Bl\u00e5 och yttre Gr\u00f6n), Kungstr\u00e4dsg\u00e5rden &#8211; Nacka &#8211; S\u00f6derort, 26731, awarded January 2024<\/h2>\n\n\n\n<p>The contract is with Elektrosignal Infra AB. The contract includes signal installations for Kungstr\u00e4dg\u00e5rden &#8211; Nacka &#8211; S\u00f6derort. <\/p>\n\n\n\n<p>The contract is estimated to approximatley SEK 43,5 million .<\/p>\n\n\n\n<h2 class=\"wp-block-heading\" id=\"2024\">Track walking paths third rail, Kungstr\u00e4dsg\u00e5rden \u2013 Sofia \u2013 Sockenplan, 26711, awarded January 2024<\/h2>\n\n\n\n<p>The contract is with Rosenqvist Entreprenad AB. The contract includes  tracks, third rail, disconnectors, walkway along tracks and cable trays along tracks on the Kungstr\u00e4dg\u00e5rden &#8211; Sofia &#8211; Sockenplan section.<\/p>\n\n\n\n<p>The contract is estimated to approximatley SEK 275 millions.<\/p>\n\n\n\n<h2 class=\"wp-block-heading\">Construction works stations, Nacka &#8211; S\u00f6derort, 2651, awarded October 2023.<\/h2>\n\n\n\n<p>The contract is with OHL Sverige AB. The contract includes non-load-bearing elements of 7 new metro stations along the Blue Line in Nacka and S\u00f6derort. The scope is all station spaces, technical rooms, and concrete and asphalt works in the service tunnel. These works include light walling, doors and glazed partitions, ironworks, suspended ceilings, floor coverings, all wall and ceiling finishes, and collaboration in integrating the artistic decoration. The contract also includes the coordination of other contractors&#8217; planning and work within the work area. The contract is estimated to approximately SEK 1 billion.<\/p>\n\n\n\n<h2 class=\"wp-block-heading\">Construction work, Barkarby, 47191, awarded October 2023<\/h2>\n\n\n\n<p>The contract is with Implenia. The contract includes to carry out art construction works including concrete works to a volume of approx. 10,000 m3 for the ticket hall, risers etc. on a construction contract. The work occurs both in the rock tunnels and above ground. The contract is estimated to SEK 300 millions.<\/p>\n\n\n\n<h2 class=\"wp-block-heading\">Duct installation and cable routing, Nacka \u2013 S\u00f6derort, 2674, awarded October 2023<\/h2>\n\n\n\n<p>The contract is with Elektrosignal Infra AB. The contract includes the installation of cable ladders and cable brackets in rail and service tunnels, as well as the procurement and routing of EST (electrical, signal and telecom) cables. The contract is for the Kungstr\u00e4dg\u00e5rden &#8211; Nacka and Sofia &#8211; Sockenplan sections. The contract valuce is estimated to SEK 366 millions.<\/p>\n\n\n\n<h2 class=\"wp-block-heading\">HVAC, Nacka \u2013 S\u00f6derort, 26650, awarded September 2023<\/h2>\n\n\n\n<p>The contract is with Bravida Sverige AB. The contract includes HVAC, including fire and tunnel ventilation for all seveb stations and the Blue line on the Kungstr\u00e4dg\u00e5rden &#8211; Nacka\/S\u00f6derort section. The contract value is estimated to SEK 500 millions.<\/p>\n\n\n\n<h2 class=\"wp-block-heading\">Track, walking paths and third rail, Hammarby kanal &#8211; Nacka, 26712, awarde August 2023<\/h2>\n\n\n\n<p>The contract is with Strukton Rail AB. The contract includes tracks, third rail, disconnectors, walkway along tracks and cable trays along tracks. The contract value is estimated to SEK 230 millions.<\/p>\n\n\n\n<h2 class=\"wp-block-heading\">Signalling works, J\u00e4rf\u00e4llatunneln, 4744, awarded June 2023 <\/h2>\n\n\n\n<p>The contract is with Strukton Rail AB. The contract includes signalling installations for the Akalla-Barkarby section. The contract value is estimated t to SEK 6 millions. <\/p>\n\n\n\n<h2 class=\"wp-block-heading\">Elevators and high capacity elevators, Nacka S\u00f6derort, 26610, awarded May 2023<\/h2>\n\n\n\n<p>The contract is with Kone Aktiebolag.  The contract includes the construction of passenger lifts at the new stations Sofia ( 2 ) Sickla ( 4 ), Hammarby kanal ( 2 ), J\u00e4rla ( 2 ), Nacka C ( 5 ), Gullmarsplan ( 3 ) and Slakthusomr\u00e5det ( 1 ). The contract also includes high capacity elevators at the new stations Sofia ( 8 ), Gullmarsplan ( 5 ) och Nacka C ( 6 ). <br>The execution also refers to supervision, care and maintenance for twelve months after the final inspection. The contract value is approximately SEK 190 millions.<\/p>\n\n\n\n<h2 class=\"wp-block-heading\">Inclined elevators, Nacka S\u00f6derort, 26612, awarded May 2023<\/h2>\n\n\n\n<p>The contract is with SMW Elevator AB. The contract includes<br>the construction of inclined elevators at the new stations in Sickla ( 2 ),  J\u00e4rla ( 2 ), Nacka C ( 1 ), Gullmarsplan ( 1 ), Slakthusomr\u00e5det ( 3 ) and Hammarby kanal ( 4 ).The execution also refers to supervision, care and maintenance for twelve months after the final inspection. The contract value is approximately SEK 56 millions.<\/p>\n\n\n\n<h2 class=\"wp-block-heading\">Civil works, Akalla to Barkabystaden, 4718, awarded March 2023<\/h2>\n\n\n\n<p>The contract is with Rover Infraestructuras S.A. The contract includes concret works on Barkabystaden station. The contract valuse is estimated to SEK 300 millions.<\/p>\n\n\n\n<h2 class=\"wp-block-heading\">Material delivery, 26835, awarded November 2022<\/h2>\n\n\n\n<p>The contract is agreed with Infranord. The contract includes manufacture and delivery of signal stands. The contract value is estimated to SEK 0.7 millions.<\/p>\n\n\n\n<h2 class=\"wp-block-heading\">Material delivery, 26833, awarded November 2022<\/h2>\n\n\n\n<p>The contract is agreed with Elektrosignal Infra Sthlm. The contract includes manufacture and delivery of impedance bonds. The contract value is estimated to SEK 30 millions.<\/p>\n\n\n\n<h2 class=\"wp-block-heading\">Material delivery, 26832, awarded December 2022<\/h2>\n\n\n\n<p>Five contracts are agreed with Infranord. The contracts include manufacture and delivery of relays, fuses, resistors, isolation transformers, rectifiers and more for signal security systems. The contract value is estimated to SEK 4.3 millions.<\/p>\n\n\n\n<h2 class=\"wp-block-heading\">Escalators, Nacka and Sickla, 26622, awarded December 2022<\/h2>\n\n\n\n<p>The contract is agreed with TK Elevator Sweden. The contract includes 17 escalators at Nacka and Sickla stations. The contract value is estimated to SEK 115 millions.<\/p>\n\n\n\n<h2 class=\"wp-block-heading\">Escalators &gt;30 meters, Nacka and S\u00f6derort, 26621, awarded December 2022<\/h2>\n\n\n\n<p>The contract is agreed with TK Elevator Sweden. The contract includes 11 escalators with a lifting height over 30 meters for the stations Hammarby kanal, Slakthusomr\u00e5det, Sickla and Nacka C. The contract value is estimated to SEK 170 millions.<\/p>\n\n\n\n<h2 class=\"wp-block-heading\">Escalators &lt;30 meters, Nacka and S\u00f6derort, 26620, awarded December 2022<\/h2>\n\n\n\n<p>The contract is agreed with Kone aktiebolag. The contract includes 35 escalators, with a possibility of addition for 3 escalators, with a lifting height lower than 30 meters, for all 7 stations on the stretch Kungstr\u00e4dg\u00e5rden\u2013Nacka\/S\u00f6derort. The contract value is estimated to SEK 240 millions.<\/p>\n\n\n\n<h2 class=\"wp-block-heading\">Civil works, Sockenplan stage 2 and Slakthuset, 9712, awarded June 2022<\/h2>\n\n\n\n<p>The contract is agreed with OHLA Sverige. The contract includes rock excavation for rail tunnel and station spaces, concrete works (including planning), road relocation, geo structures (including planning), and associated ground works. The contract value is estimated to SEK 1 billion.<\/p>\n\n\n\n<h2 class=\"wp-block-heading\">Connecting track between H\u00f6gdal Depot and Farstagrenen, 5710, awarded 13 May 2022<\/h2>\n\n\n\n<p>The contract is agreed with Implenia Sverige AB. The contract includes rock excavation, primarily below ground, concrete works, service tunnel, and non-load-bearing elements as well as installations in the access and service tunnel, connecting tracks and underground train yard.&nbsp;The contract value is estimated to SEK 1 billion.<\/p>\n\n\n\n<h2 class=\"wp-block-heading\">Civil works J\u00e4rla 8715, awarded 1 April 2022<\/h2>\n\n\n\n<p>The contract is agreed with China Railway Tunnel Group Co., Ltd (CRTG). The contract includes rock shaft for rail tunnel, holding tracks and station spaces and concreting works as well as connecting earth works.  The contract value is estimated to SEK 600 millions. <\/p>\n\n\n\n<h2 class=\"wp-block-heading\">Track, electric power, signal- and telecommunication, H\u00f6gdalen depot 5740<\/h2>\n\n\n\n<p>The contract is agreed with Broby sp\u00e5r. The contract includes all new Track-, Electrical power, Signal , Telecommunication installations and channeling within exiting depot in H\u00f6gdalen and new tunnel between existing depot and greenline. The contract value is estimated to SEK 238 millions.<\/p>\n\n\n\n<h2 class=\"wp-block-heading\">Rock excavation and civil works, Arenastaden \u2013 S\u00f6dra Hagalund 3717, awarded 18 Februari 2022<\/h2>\n\n\n\n<p>The contract is agreed with Itinera S.p.A. The contract includes construction of a access tunnel and preparation of an establishment area, rock shafts for tunnels, platform rooms, vertical shafts. Works with heavy steel and concrete framework for Arenastaden and S\u00f6dra Hagalund station and connecting tunnels to Hagastaden. Earth and foundation works for ticket halls. The contract value is estimated to SEK 1,3 billions.<\/p>\n\n\n\n<h2 class=\"wp-block-heading\">Civil works Hammarby kanal 7716, awarded 7 Februari 2022<\/h2>\n\n\n\n<p>The contract is agreed with Itinera S.p.A. The contract comprises a rock shaft for rail tunnel and station areas at Sofia and Hammarby kanal. Concreting works and connecting earth works for ways up and entrances are also included. The contract is agreed with Strukton Rail AB. The contract includes track-, electrical-, signal- and telecommunication works. The contract value is estimated to SEK 832 millions.<\/p>\n\n\n\n<h2 class=\"wp-block-heading\">Track, Electricity, J\u00e4rf\u00e4llatunneln 4743, awarded 3 December 2021<\/h2>\n\n\n\n<p>The contract is agreed with Strukton Rail AB. The contract includes track-, Electrical-, Signal- and Telecommunication works. The contract value is estimated to SEK 170 millions.<\/p>\n\n\n\n<h2 class=\"wp-block-heading\">Building and installation, J\u00e4rf\u00e4llatunnel and stations 4721, awarded 30 November 2021<\/h2>\n\n\n\n<p>The contract is agreed with Skanska Sverige AB. The contract includes framework completion installations (building incl. telecom). The contract value is estimated to SEK 900 millions.<\/p>\n\n\n\n<h2 class=\"wp-block-heading\">Civil works Sickla&nbsp;8714, awarded 5&nbsp;October 2021<\/h2>\n\n\n\n<p>The contract is agreed with CRTG.&nbsp;The contract includes rock shaft for rail tunnel and station areas. Concreting works and connecting earth works for ways up. The contract value is estimated to SEK 932 millions.<\/p>\n\n\n\n<h2 class=\"wp-block-heading\">Kungstr\u00e4dg\u00e5rden rail and service tunnel, 7711, awarded 1 June 2021<\/h2>\n\n\n\n<p>The contract is agreed with OHL. The contract includes, among other things, rock excavation for track and service tunnels on Blasieholmen. It also includes concrete works and associated ground works. The contract is a pure construction contract. The contract value is estimated to SEK 699 million.<\/p>\n\n\n\n<h2 class=\"wp-block-heading\">Civil works Gullmarsplan 9715, awarded 28 May 2021<\/h2>\n\n\n\n<p>The contract is agreed with Obrascon Huarte Lain S.A. The contract includes excavation work for rail tunnel and station spaces, vertical shafts to connect to existing station, concrete works and associated ground works. The contract is a pure construction contract and the contract value is estimated to SEK 885 million.<\/p>\n\n\n\n<h2 class=\"wp-block-heading\">Civil works Sofia 7715, awarded 3 May 2021<\/h2>\n\n\n\n<p>The contract is agreed with Implenia Sweden AB.&nbsp;The contract includes rock shaft for rail tunnel and station areas. Concreting works and connecting earth works for ways up and entrances are also included.&nbsp;The contact is an execution contract. The contract value is estimated to SEK 1 billion.<\/p>\n\n\n\n<h2 class=\"wp-block-heading\">Pure construction contract 5711 Kvicksundsv\u00e4gen, awarded 15 March 2021<\/h2>\n\n\n\n<p>The contract is agreed with PEAB. The contract includes a concrete tunnel under Kvicksundsv\u00e4gen, including preparatory works, sheet piling, and earth and rock excavation. The contract is a pure construction contract and the contract value is estimated to SEK 123 million.<\/p>\n\n\n\n<h2 class=\"wp-block-heading\">Civil works 8716 Nacka, awarded 11 February 2021<\/h2>\n\n\n\n<p>The contract is agreed with Skanska. The contract includes rock excavation for rail tunnel and station spaces, concrete works and ground works. The contract is a pure construction contract and the contract value is estimated to SEK 1 billion.<\/p>\n\n\n\n<h2 class=\"wp-block-heading\">Work tunnel \u00d6rbyleden&nbsp;5712, awarded 8 February 2021<\/h2>\n\n\n\n<p>The contract is agreed with YIT. The contract includes a work tunnel for future work on expanding H\u00f6gdalen depot with new connection tracks and a new underground storage hall. The contact is an execution contract. The work will initiate in March 2021&nbsp;and the contract value is estimated to SEK 90 million.<\/p>\n\n\n\n<h2 class=\"wp-block-heading\">Station Hagastaden 3711, awarded 2 February 2021<\/h2>\n\n\n\n<p>The contract is agreed with NCC. The contract includes e.g., rock shaft for tunnels towards Odenplan and Hagalund, platform area, vertical shaft, steel and concrete frame work, installations and interior design for station Hagastaden.&nbsp;The contact is an execution contract. The contract value is estimated to SEK 1.3 billion.<\/p>\n","protected":false},"excerpt":{"rendered":"<p>Here is a listing of the latest awarded contracts. <\/p>\n","protected":false},"author":3,"featured_media":0,"parent":0,"menu_order":0,"comment_status":"closed","ping_status":"closed","template":"templates\/template-upphandling-page.php","meta":{"_acf_changed":false,"inline_featured_image":false,"footnotes":""},"class_list":["post-4278","page","type-page","status-publish","hentry"],"acf":[],"yoast_head":"<!-- This site is optimized with the Yoast SEO plugin v22.9 - https:\/\/yoast.com\/wordpress\/plugins\/seo\/ -->\n<title>Awarded contracts<\/title>\n<meta name=\"robots\" content=\"noindex, follow, max-snippet:-1, max-image-preview:large, max-video-preview:-1\" \/>\n<meta property=\"og:locale\" content=\"en_US\" \/>\n<meta property=\"og:type\" content=\"article\" \/>\n<meta property=\"og:title\" content=\"Awarded contracts\" \/>\n<meta property=\"og:description\" content=\"Here is a listing of the latest awarded contracts.\" \/>\n<meta property=\"og:url\" content=\"https:\/\/suri.templweb.com\/en\/awarded-contracts\/\" \/>\n<meta property=\"og:site_name\" content=\"Nya tunnelbanan\" \/>\n<meta property=\"article:publisher\" content=\"https:\/\/www.facebook.com\/nyatunnelbanan\" \/>\n<meta property=\"article:modified_time\" content=\"2025-01-17T07:20:49+00:00\" \/>\n<meta property=\"og:image\" content=\"https:\/\/suri.templweb.com\/wp-content\/uploads\/2021\/11\/Avtal_beslut.jpg\" \/>\n<meta name=\"twitter:card\" content=\"summary_large_image\" \/>\n<meta name=\"twitter:label1\" content=\"Est. reading time\" \/>\n\t<meta name=\"twitter:data1\" content=\"12 minutes\" \/>\n<script type=\"application\/ld+json\" class=\"yoast-schema-graph\">{\"@context\":\"https:\/\/schema.org\",\"@graph\":[{\"@type\":\"WebPage\",\"@id\":\"https:\/\/suri.templweb.com\/en\/awarded-contracts\/\",\"url\":\"https:\/\/suri.templweb.com\/en\/awarded-contracts\/\",\"name\":\"Awarded contracts\",\"isPartOf\":{\"@id\":\"https:\/\/suri.templweb.com\/en\/#website\"},\"primaryImageOfPage\":{\"@id\":\"https:\/\/suri.templweb.com\/en\/awarded-contracts\/#primaryimage\"},\"image\":{\"@id\":\"https:\/\/suri.templweb.com\/en\/awarded-contracts\/#primaryimage\"},\"thumbnailUrl\":\"https:\/\/suri.templweb.com\/wp-content\/uploads\/2021\/11\/Avtal_beslut.jpg\",\"datePublished\":\"2021-09-06T10:20:12+00:00\",\"dateModified\":\"2025-01-17T07:20:49+00:00\",\"breadcrumb\":{\"@id\":\"https:\/\/suri.templweb.com\/en\/awarded-contracts\/#breadcrumb\"},\"inLanguage\":\"en-US\",\"potentialAction\":[{\"@type\":\"ReadAction\",\"target\":[\"https:\/\/suri.templweb.com\/en\/awarded-contracts\/\"]}]},{\"@type\":\"ImageObject\",\"inLanguage\":\"en-US\",\"@id\":\"https:\/\/suri.templweb.com\/en\/awarded-contracts\/#primaryimage\",\"url\":\"https:\/\/suri.templweb.com\/wp-content\/uploads\/2021\/11\/Avtal_beslut.jpg\",\"contentUrl\":\"https:\/\/suri.templweb.com\/wp-content\/uploads\/2021\/11\/Avtal_beslut.jpg\"},{\"@type\":\"BreadcrumbList\",\"@id\":\"https:\/\/suri.templweb.com\/en\/awarded-contracts\/#breadcrumb\",\"itemListElement\":[{\"@type\":\"ListItem\",\"position\":1,\"name\":\"Home\",\"item\":\"https:\/\/suri.templweb.com\/en\/\"},{\"@type\":\"ListItem\",\"position\":2,\"name\":\"Awarded contracts\"}]},{\"@type\":\"WebSite\",\"@id\":\"https:\/\/suri.templweb.com\/en\/#website\",\"url\":\"https:\/\/suri.templweb.com\/en\/\",\"name\":\"Nya tunnelbanan\",\"description\":\"\",\"publisher\":{\"@id\":\"https:\/\/suri.templweb.com\/en\/#organization\"},\"potentialAction\":[{\"@type\":\"SearchAction\",\"target\":{\"@type\":\"EntryPoint\",\"urlTemplate\":\"https:\/\/suri.templweb.com\/en\/?s={search_term_string}\"},\"query-input\":\"required name=search_term_string\"}],\"inLanguage\":\"en-US\"},{\"@type\":\"Organization\",\"@id\":\"https:\/\/suri.templweb.com\/en\/#organization\",\"name\":\"Nya tunnelbanan\",\"url\":\"https:\/\/suri.templweb.com\/en\/\",\"logo\":{\"@type\":\"ImageObject\",\"inLanguage\":\"en-US\",\"@id\":\"https:\/\/suri.templweb.com\/en\/#\/schema\/logo\/image\/\",\"url\":\"https:\/\/suri.templweb.com\/wp-content\/uploads\/2023\/08\/sll-logo.svg\",\"contentUrl\":\"https:\/\/suri.templweb.com\/wp-content\/uploads\/2023\/08\/sll-logo.svg\",\"width\":300,\"height\":53,\"caption\":\"Nya tunnelbanan\"},\"image\":{\"@id\":\"https:\/\/suri.templweb.com\/en\/#\/schema\/logo\/image\/\"},\"sameAs\":[\"https:\/\/www.facebook.com\/nyatunnelbanan\"]}]}<\/script>\n<!-- \/ Yoast SEO plugin. -->","yoast_head_json":{"title":"Awarded contracts","robots":{"index":"noindex","follow":"follow","max-snippet":"max-snippet:-1","max-image-preview":"max-image-preview:large","max-video-preview":"max-video-preview:-1"},"og_locale":"en_US","og_type":"article","og_title":"Awarded contracts","og_description":"Here is a listing of the latest awarded contracts.","og_url":"https:\/\/suri.templweb.com\/en\/awarded-contracts\/","og_site_name":"Nya tunnelbanan","article_publisher":"https:\/\/www.facebook.com\/nyatunnelbanan","article_modified_time":"2025-01-17T07:20:49+00:00","og_image":[{"url":"https:\/\/suri.templweb.com\/wp-content\/uploads\/2021\/11\/Avtal_beslut.jpg"}],"twitter_card":"summary_large_image","twitter_misc":{"Est. reading time":"12 minutes"},"schema":{"@context":"https:\/\/schema.org","@graph":[{"@type":"WebPage","@id":"https:\/\/suri.templweb.com\/en\/awarded-contracts\/","url":"https:\/\/suri.templweb.com\/en\/awarded-contracts\/","name":"Awarded contracts","isPartOf":{"@id":"https:\/\/suri.templweb.com\/en\/#website"},"primaryImageOfPage":{"@id":"https:\/\/suri.templweb.com\/en\/awarded-contracts\/#primaryimage"},"image":{"@id":"https:\/\/suri.templweb.com\/en\/awarded-contracts\/#primaryimage"},"thumbnailUrl":"https:\/\/suri.templweb.com\/wp-content\/uploads\/2021\/11\/Avtal_beslut.jpg","datePublished":"2021-09-06T10:20:12+00:00","dateModified":"2025-01-17T07:20:49+00:00","breadcrumb":{"@id":"https:\/\/suri.templweb.com\/en\/awarded-contracts\/#breadcrumb"},"inLanguage":"en-US","potentialAction":[{"@type":"ReadAction","target":["https:\/\/suri.templweb.com\/en\/awarded-contracts\/"]}]},{"@type":"ImageObject","inLanguage":"en-US","@id":"https:\/\/suri.templweb.com\/en\/awarded-contracts\/#primaryimage","url":"https:\/\/suri.templweb.com\/wp-content\/uploads\/2021\/11\/Avtal_beslut.jpg","contentUrl":"https:\/\/suri.templweb.com\/wp-content\/uploads\/2021\/11\/Avtal_beslut.jpg"},{"@type":"BreadcrumbList","@id":"https:\/\/suri.templweb.com\/en\/awarded-contracts\/#breadcrumb","itemListElement":[{"@type":"ListItem","position":1,"name":"Home","item":"https:\/\/suri.templweb.com\/en\/"},{"@type":"ListItem","position":2,"name":"Awarded contracts"}]},{"@type":"WebSite","@id":"https:\/\/suri.templweb.com\/en\/#website","url":"https:\/\/suri.templweb.com\/en\/","name":"Nya tunnelbanan","description":"","publisher":{"@id":"https:\/\/suri.templweb.com\/en\/#organization"},"potentialAction":[{"@type":"SearchAction","target":{"@type":"EntryPoint","urlTemplate":"https:\/\/suri.templweb.com\/en\/?s={search_term_string}"},"query-input":"required name=search_term_string"}],"inLanguage":"en-US"},{"@type":"Organization","@id":"https:\/\/suri.templweb.com\/en\/#organization","name":"Nya tunnelbanan","url":"https:\/\/suri.templweb.com\/en\/","logo":{"@type":"ImageObject","inLanguage":"en-US","@id":"https:\/\/suri.templweb.com\/en\/#\/schema\/logo\/image\/","url":"https:\/\/suri.templweb.com\/wp-content\/uploads\/2023\/08\/sll-logo.svg","contentUrl":"https:\/\/suri.templweb.com\/wp-content\/uploads\/2023\/08\/sll-logo.svg","width":300,"height":53,"caption":"Nya tunnelbanan"},"image":{"@id":"https:\/\/suri.templweb.com\/en\/#\/schema\/logo\/image\/"},"sameAs":["https:\/\/www.facebook.com\/nyatunnelbanan"]}]}},"_links":{"self":[{"href":"https:\/\/suri.templweb.com\/en\/wp-json\/wp\/v2\/pages\/4278"}],"collection":[{"href":"https:\/\/suri.templweb.com\/en\/wp-json\/wp\/v2\/pages"}],"about":[{"href":"https:\/\/suri.templweb.com\/en\/wp-json\/wp\/v2\/types\/page"}],"author":[{"embeddable":true,"href":"https:\/\/suri.templweb.com\/en\/wp-json\/wp\/v2\/users\/3"}],"replies":[{"embeddable":true,"href":"https:\/\/suri.templweb.com\/en\/wp-json\/wp\/v2\/comments?post=4278"}],"version-history":[{"count":39,"href":"https:\/\/suri.templweb.com\/en\/wp-json\/wp\/v2\/pages\/4278\/revisions"}],"predecessor-version":[{"id":29937,"href":"https:\/\/suri.templweb.com\/en\/wp-json\/wp\/v2\/pages\/4278\/revisions\/29937"}],"wp:attachment":[{"href":"https:\/\/suri.templweb.com\/en\/wp-json\/wp\/v2\/media?parent=4278"}],"curies":[{"name":"wp","href":"https:\/\/api.w.org\/{rel}","templated":true}]}}