{"id":4849,"date":"2021-08-03T05:03:14","date_gmt":"2021-08-03T05:03:14","guid":{"rendered":"https:\/\/suri.templweb.com\/stockholms-nya-tunnelbana\/"},"modified":"2024-11-28T08:55:38","modified_gmt":"2024-11-28T07:55:38","slug":"stockholms-nya-tunnelbana","status":"publish","type":"page","link":"https:\/\/suri.templweb.com\/en\/stockholms-nya-tunnelbana\/","title":{"rendered":"Stockholm&#8217;s new metro"},"content":{"rendered":"\n<div class=\"wp-block-columns is-layout-flex wp-container-core-columns-is-layout-1 wp-block-columns-is-layout-flex\">\n<div class=\"wp-block-column is-vertically-aligned-top is-layout-flow wp-block-column-is-layout-flow\" style=\"flex-basis:50%\">\n<div class=\"wp-block-group\"><div class=\"wp-block-group__inner-container is-layout-flow wp-block-group-is-layout-flow\">\n<h2 class=\"wp-block-heading\" id=\"det_h\u00e4r_bygger_vi\">What is being built<\/h2>\n\n\n\n<ul class=\"wp-block-list\">\n<li>The Blue Line is being extended from Akalla to Barkarby. Two new stations: Barkarbystaden and Barkarby. In service 2027.<\/li>\n\n\n\n<li>The Green Line is being extended from Odenplan to Arenastaden. Three new stations: Arenastaden, S\u00f6dra Hagalund and Hagastaden. In service 2028.<\/li>\n\n\n\n<li>The Blue Line is being extended from Kungstr\u00e4dg\u00e5rden to S\u00f6dermalm, S\u00f6derort and Nacka. Six brand-new stations: Sofia, Hammarby kanal, Sickla, J\u00e4rla, Nacka, Slakthusomr\u00e5det. A new platform for the Blue Line will also be built under the existing Gullmarsplan station. In service 2030.<\/li>\n\n\n\n<li>The depot in H\u00f6gdalen is being expanded to service, clean and repair more trains from both the Green Line and the Blue Line. Expected to become operational in 2026.<\/li>\n\n\n\n<li>A new line between Fridhemsplan and \u00c4lvsj\u00f6 with six stations. Construction is expected to start in 2025 with services expected to start running in 2034.<\/li>\n<\/ul>\n<\/div><\/div>\n<\/div>\n\n\n\n<div class=\"wp-block-column is-vertically-aligned-top is-layout-flow wp-block-column-is-layout-flow\" style=\"flex-basis:50%\">\n<figure class=\"wp-block-image size-large\"><a href=\"https:\/\/suri.templweb.com\/wp-content\/uploads\/2024\/04\/01_SL_FUT_full_2024_mars_eng-1024x724.jpg\"><img decoding=\"async\" width=\"1024\" height=\"724\" src=\"https:\/\/suri.templweb.com\/wp-content\/uploads\/2024\/04\/01_SL_FUT_full_2024_mars_eng-1024x724.jpg\" alt=\"\" class=\"wp-image-27444\" srcset=\"https:\/\/suri.templweb.com\/wp-content\/uploads\/2024\/04\/01_SL_FUT_full_2024_mars_eng-1024x724.jpg 1024w, https:\/\/suri.templweb.com\/wp-content\/uploads\/2024\/04\/01_SL_FUT_full_2024_mars_eng-300x212.jpg 300w, https:\/\/suri.templweb.com\/wp-content\/uploads\/2024\/04\/01_SL_FUT_full_2024_mars_eng-768x543.jpg 768w, https:\/\/suri.templweb.com\/wp-content\/uploads\/2024\/04\/01_SL_FUT_full_2024_mars_eng-1536x1086.jpg 1536w, https:\/\/suri.templweb.com\/wp-content\/uploads\/2024\/04\/01_SL_FUT_full_2024_mars_eng-1200x848.jpg 1200w, https:\/\/suri.templweb.com\/wp-content\/uploads\/2024\/04\/01_SL_FUT_full_2024_mars_eng-1980x1400.jpg 1980w, https:\/\/suri.templweb.com\/wp-content\/uploads\/2024\/04\/01_SL_FUT_full_2024_mars_eng.jpg 2048w\" sizes=\"(max-width: 1024px) 100vw, 1024px\" \/><\/a><\/figure>\n<\/div>\n<\/div>\n\n\n\n<div class=\"wp-block-group\"><div class=\"wp-block-group__inner-container is-layout-flow wp-block-group-is-layout-flow\">\n<div class=\"wp-block-columns is-layout-flex wp-container-core-columns-is-layout-2 wp-block-columns-is-layout-flex\">\n<div class=\"wp-block-column is-vertically-aligned-top is-layout-flow wp-block-column-is-layout-flow\" style=\"flex-basis:50%\">\n<figure class=\"wp-block-image size-large is-style-default\"><img decoding=\"async\" width=\"1024\" height=\"683\" src=\"\/wp-content\/uploads\/2021\/11\/MU176659-1024x683.jpg\" alt=\"\" class=\"wp-image-3880\" srcset=\"https:\/\/suri.templweb.com\/wp-content\/uploads\/2021\/11\/MU176659-1024x683.jpg 1024w, https:\/\/suri.templweb.com\/wp-content\/uploads\/2021\/11\/MU176659-300x200.jpg 300w, https:\/\/suri.templweb.com\/wp-content\/uploads\/2021\/11\/MU176659-768x512.jpg 768w, https:\/\/suri.templweb.com\/wp-content\/uploads\/2021\/11\/MU176659-1536x1025.jpg 1536w, https:\/\/suri.templweb.com\/wp-content\/uploads\/2021\/11\/MU176659-1200x800.jpg 1200w, https:\/\/suri.templweb.com\/wp-content\/uploads\/2021\/11\/MU176659-1980x1321.jpg 1980w, https:\/\/suri.templweb.com\/wp-content\/uploads\/2021\/11\/MU176659.jpg 2048w\" sizes=\"(max-width: 1024px) 100vw, 1024px\" \/><\/figure>\n<\/div>\n\n\n\n<div class=\"wp-block-column is-vertically-aligned-top is-layout-flow wp-block-column-is-layout-flow\" style=\"flex-basis:50%\">\n<div class=\"wp-block-group\"><div class=\"wp-block-group__inner-container is-layout-flow wp-block-group-is-layout-flow\">\n<h2 class=\"wp-block-heading\" id=\"uppdraget\">Comission<\/h2>\n\n\n\n<p>Region Stockholm has been commissioned to build the new metro while the municipalities are responsible for housing being built. All of these expansions will enable the construction of 130,000 new homes \u2013 enough to house more than 300,000 people!<\/p>\n\n\n\n<p>Successfully completing such a massive project demands a great deal of close collaboration. This project is so important that it is being jointly financed by the government, Region Stockholm, J\u00e4rf\u00e4lla Municipality, Nacka Municipality, Solna Municipality and the City of Stockholm.<\/p>\n\n\n\n<p>All political bodies have made the necessary decisions for the expansion of the metro system. These decisions stem from two negotiations:<\/p>\n<\/div><\/div>\n<\/div>\n<\/div>\n<\/div><\/div>\n\n\n\n<h2 class=\"wp-block-heading\" id=\"2013_\u00e5rs_stockholmsf\u00f6rhandling\">The 2013 Stockholm Negotiation<\/h2>\n\n\n\n<p>In January 2014, an agreement was entered into between the government, Region Stockholm, the City of Stockholm, J\u00e4rf\u00e4lla Municipality, Nacka Municipality and Solna Municipality. This agreement means that:<\/p>\n\n\n\n<ul class=\"wp-block-list\">\n<li>The metro will be expanded to Arenastaden, Barkarby, Nacka and S\u00f6derort.<\/li>\n\n\n\n<li>The depot in H\u00f6gdalen will be expanded.<\/li>\n\n\n\n<li>The municipalities will build a total of 78,000 new homes adjacent to the metro.<\/li>\n<\/ul>\n\n\n\n<h2 class=\"wp-block-heading\" id=\"sverigef\u00f6rhandlingen_2017\">The 2017 National Negotiation on Housing and Infrastructure<\/h2>\n\n\n\n<ul class=\"wp-block-list\">\n<li>Another station for the Yellow Line, S\u00f6dra Hagalund. 4,000 homes in what is currently the Hagalund industrial area.<\/li>\n\n\n\n<li>New line between Fridhemsplan and \u00c4lvsj\u00f6. The agreement includes 48,500 new homes.<\/li>\n<\/ul>\n","protected":false},"excerpt":{"rendered":"<p>The population in Stockholm County increases all the time. You are probably aware of the great demand for new housing \u2013 but public transport also needs to be expanded, so that old and new Stockholmers alike can in an easy and environmentally friendly manner get to and from work, school, entertainment and leisure activities.<\/p>\n","protected":false},"author":40,"featured_media":27422,"parent":0,"menu_order":0,"comment_status":"closed","ping_status":"closed","template":"templates\/template-sa-bygger-vi.php","meta":{"_acf_changed":false,"inline_featured_image":false,"footnotes":""},"class_list":["post-4849","page","type-page","status-publish","has-post-thumbnail","hentry"],"acf":[],"yoast_head":"<!-- This site is optimized with the Yoast SEO plugin v22.9 - https:\/\/yoast.com\/wordpress\/plugins\/seo\/ -->\n<title>Stockholm&#039;s new metro<\/title>\n<meta name=\"robots\" content=\"noindex, follow, max-snippet:-1, max-image-preview:large, max-video-preview:-1\" \/>\n<meta property=\"og:locale\" content=\"en_US\" \/>\n<meta property=\"og:type\" content=\"article\" \/>\n<meta property=\"og:title\" content=\"Stockholm&#039;s new metro\" \/>\n<meta property=\"og:description\" content=\"The population in Stockholm County increases all the time. You are probably aware of the great demand for new housing \u2013 but public transport also needs to be expanded, so that old and new Stockholmers alike can in an easy and environmentally friendly manner get to and from work, school, entertainment and leisure activities.\" \/>\n<meta property=\"og:url\" content=\"https:\/\/suri.templweb.com\/en\/stockholms-nya-tunnelbana\/\" \/>\n<meta property=\"og:site_name\" content=\"Nya tunnelbanan\" \/>\n<meta property=\"article:publisher\" content=\"https:\/\/www.facebook.com\/nyatunnelbanan\" \/>\n<meta property=\"article:modified_time\" content=\"2024-11-28T07:55:38+00:00\" \/>\n<meta property=\"og:image\" content=\"https:\/\/suri.templweb.com\/wp-content\/uploads\/2024\/04\/01_SL_FUT_full_2024_mars_utandepa-1.jpg\" \/>\n\t<meta property=\"og:image:width\" content=\"690\" \/>\n\t<meta property=\"og:image:height\" content=\"474\" \/>\n\t<meta property=\"og:image:type\" content=\"image\/jpeg\" \/>\n<meta name=\"twitter:card\" content=\"summary_large_image\" \/>\n<meta name=\"twitter:label1\" content=\"Est. reading time\" \/>\n\t<meta name=\"twitter:data1\" content=\"3 minutes\" \/>\n<script type=\"application\/ld+json\" class=\"yoast-schema-graph\">{\"@context\":\"https:\/\/schema.org\",\"@graph\":[{\"@type\":\"WebPage\",\"@id\":\"https:\/\/suri.templweb.com\/en\/stockholms-nya-tunnelbana\/\",\"url\":\"https:\/\/suri.templweb.com\/en\/stockholms-nya-tunnelbana\/\",\"name\":\"Stockholm's new metro\",\"isPartOf\":{\"@id\":\"https:\/\/suri.templweb.com\/en\/#website\"},\"primaryImageOfPage\":{\"@id\":\"https:\/\/suri.templweb.com\/en\/stockholms-nya-tunnelbana\/#primaryimage\"},\"image\":{\"@id\":\"https:\/\/suri.templweb.com\/en\/stockholms-nya-tunnelbana\/#primaryimage\"},\"thumbnailUrl\":\"https:\/\/suri.templweb.com\/wp-content\/uploads\/2024\/04\/01_SL_FUT_full_2024_mars_utandepa-1.jpg\",\"datePublished\":\"2021-08-03T05:03:14+00:00\",\"dateModified\":\"2024-11-28T07:55:38+00:00\",\"breadcrumb\":{\"@id\":\"https:\/\/suri.templweb.com\/en\/stockholms-nya-tunnelbana\/#breadcrumb\"},\"inLanguage\":\"en-US\",\"potentialAction\":[{\"@type\":\"ReadAction\",\"target\":[\"https:\/\/suri.templweb.com\/en\/stockholms-nya-tunnelbana\/\"]}]},{\"@type\":\"ImageObject\",\"inLanguage\":\"en-US\",\"@id\":\"https:\/\/suri.templweb.com\/en\/stockholms-nya-tunnelbana\/#primaryimage\",\"url\":\"https:\/\/suri.templweb.com\/wp-content\/uploads\/2024\/04\/01_SL_FUT_full_2024_mars_utandepa-1.jpg\",\"contentUrl\":\"https:\/\/suri.templweb.com\/wp-content\/uploads\/2024\/04\/01_SL_FUT_full_2024_mars_utandepa-1.jpg\",\"width\":690,\"height\":474,\"caption\":\"S\u00e5 h\u00e4r ser framtidens tunnelbanekarta ut. Illustration: Region Stockholm\"},{\"@type\":\"BreadcrumbList\",\"@id\":\"https:\/\/suri.templweb.com\/en\/stockholms-nya-tunnelbana\/#breadcrumb\",\"itemListElement\":[{\"@type\":\"ListItem\",\"position\":1,\"name\":\"Home\",\"item\":\"https:\/\/suri.templweb.com\/en\/\"},{\"@type\":\"ListItem\",\"position\":2,\"name\":\"Stockholm&#8217;s new metro\"}]},{\"@type\":\"WebSite\",\"@id\":\"https:\/\/suri.templweb.com\/en\/#website\",\"url\":\"https:\/\/suri.templweb.com\/en\/\",\"name\":\"Nya tunnelbanan\",\"description\":\"\",\"publisher\":{\"@id\":\"https:\/\/suri.templweb.com\/en\/#organization\"},\"potentialAction\":[{\"@type\":\"SearchAction\",\"target\":{\"@type\":\"EntryPoint\",\"urlTemplate\":\"https:\/\/suri.templweb.com\/en\/?s={search_term_string}\"},\"query-input\":\"required name=search_term_string\"}],\"inLanguage\":\"en-US\"},{\"@type\":\"Organization\",\"@id\":\"https:\/\/suri.templweb.com\/en\/#organization\",\"name\":\"Nya tunnelbanan\",\"url\":\"https:\/\/suri.templweb.com\/en\/\",\"logo\":{\"@type\":\"ImageObject\",\"inLanguage\":\"en-US\",\"@id\":\"https:\/\/suri.templweb.com\/en\/#\/schema\/logo\/image\/\",\"url\":\"https:\/\/suri.templweb.com\/wp-content\/uploads\/2023\/08\/sll-logo.svg\",\"contentUrl\":\"https:\/\/suri.templweb.com\/wp-content\/uploads\/2023\/08\/sll-logo.svg\",\"width\":300,\"height\":53,\"caption\":\"Nya tunnelbanan\"},\"image\":{\"@id\":\"https:\/\/suri.templweb.com\/en\/#\/schema\/logo\/image\/\"},\"sameAs\":[\"https:\/\/www.facebook.com\/nyatunnelbanan\"]}]}<\/script>\n<!-- \/ Yoast SEO plugin. -->","yoast_head_json":{"title":"Stockholm's new metro","robots":{"index":"noindex","follow":"follow","max-snippet":"max-snippet:-1","max-image-preview":"max-image-preview:large","max-video-preview":"max-video-preview:-1"},"og_locale":"en_US","og_type":"article","og_title":"Stockholm's new metro","og_description":"The population in Stockholm County increases all the time. You are probably aware of the great demand for new housing \u2013 but public transport also needs to be expanded, so that old and new Stockholmers alike can in an easy and environmentally friendly manner get to and from work, school, entertainment and leisure activities.","og_url":"https:\/\/suri.templweb.com\/en\/stockholms-nya-tunnelbana\/","og_site_name":"Nya tunnelbanan","article_publisher":"https:\/\/www.facebook.com\/nyatunnelbanan","article_modified_time":"2024-11-28T07:55:38+00:00","og_image":[{"width":690,"height":474,"url":"https:\/\/suri.templweb.com\/wp-content\/uploads\/2024\/04\/01_SL_FUT_full_2024_mars_utandepa-1.jpg","type":"image\/jpeg"}],"twitter_card":"summary_large_image","twitter_misc":{"Est. reading time":"3 minutes"},"schema":{"@context":"https:\/\/schema.org","@graph":[{"@type":"WebPage","@id":"https:\/\/suri.templweb.com\/en\/stockholms-nya-tunnelbana\/","url":"https:\/\/suri.templweb.com\/en\/stockholms-nya-tunnelbana\/","name":"Stockholm's new metro","isPartOf":{"@id":"https:\/\/suri.templweb.com\/en\/#website"},"primaryImageOfPage":{"@id":"https:\/\/suri.templweb.com\/en\/stockholms-nya-tunnelbana\/#primaryimage"},"image":{"@id":"https:\/\/suri.templweb.com\/en\/stockholms-nya-tunnelbana\/#primaryimage"},"thumbnailUrl":"https:\/\/suri.templweb.com\/wp-content\/uploads\/2024\/04\/01_SL_FUT_full_2024_mars_utandepa-1.jpg","datePublished":"2021-08-03T05:03:14+00:00","dateModified":"2024-11-28T07:55:38+00:00","breadcrumb":{"@id":"https:\/\/suri.templweb.com\/en\/stockholms-nya-tunnelbana\/#breadcrumb"},"inLanguage":"en-US","potentialAction":[{"@type":"ReadAction","target":["https:\/\/suri.templweb.com\/en\/stockholms-nya-tunnelbana\/"]}]},{"@type":"ImageObject","inLanguage":"en-US","@id":"https:\/\/suri.templweb.com\/en\/stockholms-nya-tunnelbana\/#primaryimage","url":"https:\/\/suri.templweb.com\/wp-content\/uploads\/2024\/04\/01_SL_FUT_full_2024_mars_utandepa-1.jpg","contentUrl":"https:\/\/suri.templweb.com\/wp-content\/uploads\/2024\/04\/01_SL_FUT_full_2024_mars_utandepa-1.jpg","width":690,"height":474,"caption":"S\u00e5 h\u00e4r ser framtidens tunnelbanekarta ut. Illustration: Region Stockholm"},{"@type":"BreadcrumbList","@id":"https:\/\/suri.templweb.com\/en\/stockholms-nya-tunnelbana\/#breadcrumb","itemListElement":[{"@type":"ListItem","position":1,"name":"Home","item":"https:\/\/suri.templweb.com\/en\/"},{"@type":"ListItem","position":2,"name":"Stockholm&#8217;s new metro"}]},{"@type":"WebSite","@id":"https:\/\/suri.templweb.com\/en\/#website","url":"https:\/\/suri.templweb.com\/en\/","name":"Nya tunnelbanan","description":"","publisher":{"@id":"https:\/\/suri.templweb.com\/en\/#organization"},"potentialAction":[{"@type":"SearchAction","target":{"@type":"EntryPoint","urlTemplate":"https:\/\/suri.templweb.com\/en\/?s={search_term_string}"},"query-input":"required name=search_term_string"}],"inLanguage":"en-US"},{"@type":"Organization","@id":"https:\/\/suri.templweb.com\/en\/#organization","name":"Nya tunnelbanan","url":"https:\/\/suri.templweb.com\/en\/","logo":{"@type":"ImageObject","inLanguage":"en-US","@id":"https:\/\/suri.templweb.com\/en\/#\/schema\/logo\/image\/","url":"https:\/\/suri.templweb.com\/wp-content\/uploads\/2023\/08\/sll-logo.svg","contentUrl":"https:\/\/suri.templweb.com\/wp-content\/uploads\/2023\/08\/sll-logo.svg","width":300,"height":53,"caption":"Nya tunnelbanan"},"image":{"@id":"https:\/\/suri.templweb.com\/en\/#\/schema\/logo\/image\/"},"sameAs":["https:\/\/www.facebook.com\/nyatunnelbanan"]}]}},"_links":{"self":[{"href":"https:\/\/suri.templweb.com\/en\/wp-json\/wp\/v2\/pages\/4849"}],"collection":[{"href":"https:\/\/suri.templweb.com\/en\/wp-json\/wp\/v2\/pages"}],"about":[{"href":"https:\/\/suri.templweb.com\/en\/wp-json\/wp\/v2\/types\/page"}],"author":[{"embeddable":true,"href":"https:\/\/suri.templweb.com\/en\/wp-json\/wp\/v2\/users\/40"}],"replies":[{"embeddable":true,"href":"https:\/\/suri.templweb.com\/en\/wp-json\/wp\/v2\/comments?post=4849"}],"version-history":[{"count":10,"href":"https:\/\/suri.templweb.com\/en\/wp-json\/wp\/v2\/pages\/4849\/revisions"}],"predecessor-version":[{"id":29505,"href":"https:\/\/suri.templweb.com\/en\/wp-json\/wp\/v2\/pages\/4849\/revisions\/29505"}],"wp:featuredmedia":[{"embeddable":true,"href":"https:\/\/suri.templweb.com\/en\/wp-json\/wp\/v2\/media\/27422"}],"wp:attachment":[{"href":"https:\/\/suri.templweb.com\/en\/wp-json\/wp\/v2\/media?parent=4849"}],"curies":[{"name":"wp","href":"https:\/\/api.w.org\/{rel}","templated":true}]}}